{"id":30,"date":"2023-05-08T09:48:59","date_gmt":"2023-05-08T09:48:59","guid":{"rendered":"http:\/\/diefurchis.de\/?page_id=30"},"modified":"2024-03-20T20:54:47","modified_gmt":"2024-03-20T20:54:47","slug":"wir-baggern-fuer-dich","status":"publish","type":"page","link":"https:\/\/diefurchis.de\/","title":{"rendered":"Wir baggern f\u00fcr dich."},"content":{"rendered":"\n<p>Dein pers\u00f6nlicher Bagger Verleih in M\u00fcnster und dem M\u00fcnsterland.<\/p>\n\n\n\n<p>Wir baggern f\u00fcr dich zu fairen Preisen. Einfach kostenlos anfragen.<\/p>\n\n\n\n<p>Wir, dass sind Martin und Tobi aus M\u00fcnster. Familienv\u00e4ter mit Spa\u00df an Baumaschinen, Dreck, \u00d6l und Handarbeit. Wir kommen gerne zu dir und Baggern was es so zu Baggern gibt. Ob Umbau vom Schrebergarten, Hecke raus, Loch graben, oder einfach eine Furche&#8230; F\u00fcr uns alles kein Problem. Von kurzen Stundeneins\u00e4tze bis Gro\u00dfprojekte. Wir baggern was das Zeug h\u00e4lt&#8230;.<\/p>\n\n\n\n<figure class=\"wp-block-image size-large\"><img loading=\"lazy\" decoding=\"async\" width=\"1024\" height=\"461\" src=\"https:\/\/diefurchis.de\/wp-content\/uploads\/2023\/08\/Furchis-1024x461.jpg\" alt=\"\" class=\"wp-image-41\" srcset=\"https:\/\/diefurchis.de\/wp-content\/uploads\/2023\/08\/Furchis-1024x461.jpg 1024w, https:\/\/diefurchis.de\/wp-content\/uploads\/2023\/08\/Furchis-300x135.jpg 300w, https:\/\/diefurchis.de\/wp-content\/uploads\/2023\/08\/Furchis-768x346.jpg 768w, https:\/\/diefurchis.de\/wp-content\/uploads\/2023\/08\/Furchis-1536x692.jpg 1536w, https:\/\/diefurchis.de\/wp-content\/uploads\/2023\/08\/Furchis-1568x706.jpg 1568w, https:\/\/diefurchis.de\/wp-content\/uploads\/2023\/08\/Furchis.jpg 2016w\" sizes=\"auto, (max-width: 1024px) 100vw, 1024px\" \/><\/figure>\n\n\n\n<p>Willkommen beim beliebten Baggerverleih im M\u00fcnsterland \u2013 Der ersten Anlaufstelle f\u00fcr professionelle Bagger und Kipplaster in M\u00fcnster und im M\u00fcnsterland.<\/p>\n\n\n\n<p>Wenn du auf der Suche nach handlichen Baggern bist, die deine Bauprojekte oder Gartenpl\u00e4ne effizient und reibungslos voranbringen, bist du bei uns genau richtig. <\/p>\n\n\n\n<p>Unser Fuhrpark hochwertiger Bagger steht dir f\u00fcr deine privaten Bauprojekte jeder Gr\u00f6\u00dfe und Art zur Verf\u00fcgung. Mit unserem Furchis Baggerverleih in M\u00fcnster erhalten Sie nicht nur Zugang zu kraft schonender Technologie, sondern auch zu unserem Engagement f\u00fcr exzellenten Kundenservice. Tauche ein in unsere Bagger und Minibagger-Welt, begleitet von Fachkenntnissen und Unterst\u00fctzung, um deine Projekte zum Erfolg zu f\u00fchren.<\/p>\n\n\n\n<p><\/p>\n\n\n\n<p>Du hast ein Projekt und brauchst einen Mini Bagger? Kein Problem. Wir bringen den Bagger zu dir. <\/p>\n\n\n\n<div class=\"wp-block-buttons is-layout-flex wp-block-buttons-is-layout-flex\">\n<div class=\"wp-block-button\"><a class=\"wp-block-button__link wp-element-button\" href=\"https:\/\/diefurchis.de\/jetzt-anfragen\">JETZT ANFRAGEN<\/a><\/div>\n<\/div>\n\n\n\n<p>Du m\u00f6chtest dein n\u00e4chstes Projekt umsetzen? Kein Problem.<br>Wir kommen zu dir. <\/p>\n\n\n\n<div class=\"wp-block-buttons is-layout-flex wp-block-buttons-is-layout-flex\">\n<div class=\"wp-block-button\"><a class=\"wp-block-button__link wp-element-button\" href=\"https:\/\/diefurchis.de\/jetzt-anfragen\">JETZT ANFRAGEN<\/a><\/div>\n<\/div>\n\n\n\n<p>Du hast Fragen und brauchst noch Hilfe? Keine Problem.<br>Melde dich kostenfrei bei uns.<\/p>\n\n\n\n<div class=\"wp-block-buttons is-layout-flex wp-block-buttons-is-layout-flex\">\n<div class=\"wp-block-button\"><a class=\"wp-block-button__link wp-element-button\" href=\"https:\/\/diefurchis.de\/jetzt-anfragen\">JETZT KONTAKTIEREN<\/a><\/div>\n<\/div>\n","protected":false},"excerpt":{"rendered":"<p>Dein pers\u00f6nlicher Bagger Verleih in M\u00fcnster und dem M\u00fcnsterland. Wir baggern f\u00fcr dich zu fairen Preisen. Einfach kostenlos anfragen. Wir, dass sind Martin und Tobi aus M\u00fcnster. Familienv\u00e4ter mit Spa\u00df an Baumaschinen, Dreck, \u00d6l und Handarbeit. Wir kommen gerne zu dir und Baggern was es so zu Baggern gibt. Ob Umbau vom Schrebergarten, Hecke raus,&hellip; <a class=\"more-link\" href=\"https:\/\/diefurchis.de\/\"><span class=\"screen-reader-text\">Wir baggern f\u00fcr dich.<\/span> weiterlesen<\/a><\/p>\n","protected":false},"author":1,"featured_media":0,"parent":0,"menu_order":0,"comment_status":"closed","ping_status":"closed","template":"","meta":{"footnotes":""},"class_list":["post-30","page","type-page","status-publish","hentry","entry"],"_links":{"self":[{"href":"https:\/\/diefurchis.de\/index.php?rest_route=\/wp\/v2\/pages\/30","targetHints":{"allow":["GET"]}}],"collection":[{"href":"https:\/\/diefurchis.de\/index.php?rest_route=\/wp\/v2\/pages"}],"about":[{"href":"https:\/\/diefurchis.de\/index.php?rest_route=\/wp\/v2\/types\/page"}],"author":[{"embeddable":true,"href":"https:\/\/diefurchis.de\/index.php?rest_route=\/wp\/v2\/users\/1"}],"replies":[{"embeddable":true,"href":"https:\/\/diefurchis.de\/index.php?rest_route=%2Fwp%2Fv2%2Fcomments&post=30"}],"version-history":[{"count":5,"href":"https:\/\/diefurchis.de\/index.php?rest_route=\/wp\/v2\/pages\/30\/revisions"}],"predecessor-version":[{"id":51,"href":"https:\/\/diefurchis.de\/index.php?rest_route=\/wp\/v2\/pages\/30\/revisions\/51"}],"wp:attachment":[{"href":"https:\/\/diefurchis.de\/index.php?rest_route=%2Fwp%2Fv2%2Fmedia&parent=30"}],"curies":[{"name":"wp","href":"https:\/\/api.w.org\/{rel}","templated":true}]}}