{"id":44,"date":"2023-08-30T06:43:40","date_gmt":"2023-08-30T06:43:40","guid":{"rendered":"https:\/\/diefurchis.de\/?page_id=44"},"modified":"2023-08-30T06:43:40","modified_gmt":"2023-08-30T06:43:40","slug":"dein-bagger-dein-event","status":"publish","type":"page","link":"https:\/\/diefurchis.de\/?page_id=44","title":{"rendered":"Dein Bagger. Dein Event."},"content":{"rendered":"\n<p>Herzlich willkommen bei M\u00fcnsterland Bagger-Events \u2013 der ultimativen Quelle f\u00fcr euer unvergessliches Spa\u00df-Abenteuer im Herzen des M\u00fcnsters, Fu\u00dfl\u00e4ufig zur Altstadt. <\/p>\n\n\n\n<p>Wenn ihr nach einer aufregenden und einzigartigen M\u00f6glichkeit sucht, eure Feiern und besonderen Anl\u00e4sse zu etwas ganz Besonderem zu machen, seid ihr bei uns genau richtig. Unsere Bagger-Eventlocation bietet euch die einzigartige Gelegenheit, selbst hinter dem Steuer eines kraftvollen Baggers Platz zu nehmen und den Nervenkitzel des Baggerfahrens hautnah zu erleben. Egal ob Junggesellenabschied, Geburtstagsfeier oder Firmenevent \u2013 wir gestalten f\u00fcr euch unvergessliche Momente, die noch lange in Erinnerung bleiben werden. Taucht ein in die Welt des Baggerfahrens, w\u00e4hrend ihr von unserem professionellen Team betreut werdet, das euch alles beibringt, was ihr wissen m\u00fcsst. Erlebt Spa\u00df, Teamarbeit und Adrenalin, w\u00e4hrend ihr Baumaschinen meistert und gleichzeitig unvergessliche Erinnerungen schafft. Willkommen bei Furchis-Bagger-Events \u2013 wo eure Feiern zu unvergesslichen Abenteuern werden!<\/p>\n\n\n\n<figure class=\"wp-block-image size-large\"><img loading=\"lazy\" decoding=\"async\" width=\"1024\" height=\"461\" src=\"https:\/\/diefurchis.de\/wp-content\/uploads\/2023\/08\/3643bd4c-e7d1-46d3-9f9b-d040b4c1a930-1024x461.jpg\" alt=\"\" class=\"wp-image-45\" srcset=\"https:\/\/diefurchis.de\/wp-content\/uploads\/2023\/08\/3643bd4c-e7d1-46d3-9f9b-d040b4c1a930-1024x461.jpg 1024w, https:\/\/diefurchis.de\/wp-content\/uploads\/2023\/08\/3643bd4c-e7d1-46d3-9f9b-d040b4c1a930-300x135.jpg 300w, https:\/\/diefurchis.de\/wp-content\/uploads\/2023\/08\/3643bd4c-e7d1-46d3-9f9b-d040b4c1a930-768x346.jpg 768w, https:\/\/diefurchis.de\/wp-content\/uploads\/2023\/08\/3643bd4c-e7d1-46d3-9f9b-d040b4c1a930-1536x692.jpg 1536w, https:\/\/diefurchis.de\/wp-content\/uploads\/2023\/08\/3643bd4c-e7d1-46d3-9f9b-d040b4c1a930-1568x706.jpg 1568w, https:\/\/diefurchis.de\/wp-content\/uploads\/2023\/08\/3643bd4c-e7d1-46d3-9f9b-d040b4c1a930.jpg 2016w\" sizes=\"auto, (max-width: 1024px) 100vw, 1024px\" \/><\/figure>\n\n\n\n<div class=\"wp-block-buttons is-layout-flex wp-block-buttons-is-layout-flex\">\n<div class=\"wp-block-button\"><a class=\"wp-block-button__link wp-element-button\" href=\"https:\/\/diefurchis.de\/jetzt-anfragen\">Jetzt kostenlos anfragen<\/a><\/div>\n<\/div>\n","protected":false},"excerpt":{"rendered":"<p>Herzlich willkommen bei M\u00fcnsterland Bagger-Events \u2013 der ultimativen Quelle f\u00fcr euer unvergessliches Spa\u00df-Abenteuer im Herzen des M\u00fcnsters, Fu\u00dfl\u00e4ufig zur Altstadt. Wenn ihr nach einer aufregenden und einzigartigen M\u00f6glichkeit sucht, eure Feiern und besonderen Anl\u00e4sse zu etwas ganz Besonderem zu machen, seid ihr bei uns genau richtig. Unsere Bagger-Eventlocation bietet euch die einzigartige Gelegenheit, selbst hinter&hellip; <a class=\"more-link\" href=\"https:\/\/diefurchis.de\/?page_id=44\"><span class=\"screen-reader-text\">Dein Bagger. Dein Event.<\/span> weiterlesen<\/a><\/p>\n","protected":false},"author":1,"featured_media":0,"parent":0,"menu_order":0,"comment_status":"closed","ping_status":"closed","template":"","meta":{"footnotes":""},"class_list":["post-44","page","type-page","status-publish","hentry","entry"],"_links":{"self":[{"href":"https:\/\/diefurchis.de\/index.php?rest_route=\/wp\/v2\/pages\/44","targetHints":{"allow":["GET"]}}],"collection":[{"href":"https:\/\/diefurchis.de\/index.php?rest_route=\/wp\/v2\/pages"}],"about":[{"href":"https:\/\/diefurchis.de\/index.php?rest_route=\/wp\/v2\/types\/page"}],"author":[{"embeddable":true,"href":"https:\/\/diefurchis.de\/index.php?rest_route=\/wp\/v2\/users\/1"}],"replies":[{"embeddable":true,"href":"https:\/\/diefurchis.de\/index.php?rest_route=%2Fwp%2Fv2%2Fcomments&post=44"}],"version-history":[{"count":1,"href":"https:\/\/diefurchis.de\/index.php?rest_route=\/wp\/v2\/pages\/44\/revisions"}],"predecessor-version":[{"id":46,"href":"https:\/\/diefurchis.de\/index.php?rest_route=\/wp\/v2\/pages\/44\/revisions\/46"}],"wp:attachment":[{"href":"https:\/\/diefurchis.de\/index.php?rest_route=%2Fwp%2Fv2%2Fmedia&parent=44"}],"curies":[{"name":"wp","href":"https:\/\/api.w.org\/{rel}","templated":true}]}}